{"id":40,"date":"2025-10-13T19:29:27","date_gmt":"2025-10-13T19:29:27","guid":{"rendered":"https:\/\/kontoriprinter.ee\/?page_id=40"},"modified":"2026-01-08T13:18:55","modified_gmt":"2026-01-08T13:18:55","slug":"avaleht","status":"publish","type":"page","link":"https:\/\/kontoriprinter.ee\/","title":{"rendered":"Avaleht"},"content":{"rendered":"\n<h1 class=\"wp-block-heading\">RTT \u2013 \u00fcle 30 aasta kogemust sinu kontori teenistuses<\/h1>\n\n\n\n<p><br>Rohkem kui kolm aastak\u00fcmmet oleme aidanud ettev\u00f5tetel muuta oma kontorit\u00f6\u00f6 sujuvaks ja efektiivseks. Meie kogemused ja teadmised tagavad, et leiame alati sobiva lahenduse, olgu tegemist v\u00e4ikese v\u00f5i suure kontoriga.<\/p>\n","protected":false},"excerpt":{"rendered":"<p>RTT \u2013 \u00fcle 30 aasta kogemust sinu kontori teenistuses Rohkem kui kolm aastak\u00fcmmet oleme aidanud ettev\u00f5tetel muuta oma kontorit\u00f6\u00f6 sujuvaks ja efektiivseks. Meie kogemused ja teadmised tagavad, et leiame alati sobiva lahenduse, olgu tegemist v\u00e4ikese v\u00f5i suure kontoriga.<\/p>\n","protected":false},"author":1,"featured_media":42,"parent":0,"menu_order":0,"comment_status":"closed","ping_status":"closed","template":"front-page.php","meta":{"footnotes":""},"class_list":["post-40","page","type-page","status-publish","has-post-thumbnail","hentry"],"_links":{"self":[{"href":"https:\/\/kontoriprinter.ee\/index.php?rest_route=\/wp\/v2\/pages\/40","targetHints":{"allow":["GET"]}}],"collection":[{"href":"https:\/\/kontoriprinter.ee\/index.php?rest_route=\/wp\/v2\/pages"}],"about":[{"href":"https:\/\/kontoriprinter.ee\/index.php?rest_route=\/wp\/v2\/types\/page"}],"author":[{"embeddable":true,"href":"https:\/\/kontoriprinter.ee\/index.php?rest_route=\/wp\/v2\/users\/1"}],"replies":[{"embeddable":true,"href":"https:\/\/kontoriprinter.ee\/index.php?rest_route=%2Fwp%2Fv2%2Fcomments&post=40"}],"version-history":[{"count":5,"href":"https:\/\/kontoriprinter.ee\/index.php?rest_route=\/wp\/v2\/pages\/40\/revisions"}],"predecessor-version":[{"id":103,"href":"https:\/\/kontoriprinter.ee\/index.php?rest_route=\/wp\/v2\/pages\/40\/revisions\/103"}],"wp:featuredmedia":[{"embeddable":true,"href":"https:\/\/kontoriprinter.ee\/index.php?rest_route=\/wp\/v2\/media\/42"}],"wp:attachment":[{"href":"https:\/\/kontoriprinter.ee\/index.php?rest_route=%2Fwp%2Fv2%2Fmedia&parent=40"}],"curies":[{"name":"wp","href":"https:\/\/api.w.org\/{rel}","templated":true}]}}